{"id":445,"date":"2022-06-29T08:00:23","date_gmt":"2022-06-29T06:00:23","guid":{"rendered":"https:\/\/notbrusselmans.be\/over-ons\/"},"modified":"2026-04-10T13:00:14","modified_gmt":"2026-04-10T11:00:14","slug":"qui-sommes-nous","status":"publish","type":"page","link":"https:\/\/notbrusselmans.be\/fr\/qui-sommes-nous\/","title":{"rendered":"qui sommes nous"},"content":{"rendered":"<p>[vc_row css_animation=\u00a0\u00bb\u00a0\u00bb row_type=\u00a0\u00bbrow\u00a0\u00bb use_row_as_full_screen_section=\u00a0\u00bbno\u00a0\u00bb type=\u00a0\u00bbfull_width\u00a0\u00bb angled_section=\u00a0\u00bbno\u00a0\u00bb text_align=\u00a0\u00bbcenter\u00a0\u00bb background_image_as_pattern=\u00a0\u00bbwithout_pattern\u00a0\u00bb z_index=\u00a0\u00bb1&Prime;][vc_column width=\u00a0\u00bb1\/4&Prime;][\/vc_column][vc_column width=\u00a0\u00bb3\/4&Prime;][vc_empty_space][\/vc_column][\/vc_row][vc_row css_animation=\u00a0\u00bb\u00a0\u00bb row_type=\u00a0\u00bbrow\u00a0\u00bb use_row_as_full_screen_section=\u00a0\u00bbno\u00a0\u00bb type=\u00a0\u00bbfull_width\u00a0\u00bb angled_section=\u00a0\u00bbno\u00a0\u00bb text_align=\u00a0\u00bbcenter\u00a0\u00bb background_image_as_pattern=\u00a0\u00bbwithout_pattern\u00a0\u00bb z_index=\u00a0\u00bb0&Prime; css=\u00a0\u00bb.vc_custom_1656506789779{margin-top: -200px !important;}\u00a0\u00bb][vc_column width=\u00a0\u00bb1\/5&Prime;][\/vc_column][vc_column width=\u00a0\u00bb4\/5&Prime;][vc_row_inner row_type=\u00a0\u00bbrow\u00a0\u00bb type=\u00a0\u00bbfull_width\u00a0\u00bb text_align=\u00a0\u00bbleft\u00a0\u00bb css_animation=\u00a0\u00bb\u00a0\u00bb][vc_column_inner][vc_single_image image=\u00a0\u00bb381&Prime; img_size=\u00a0\u00bbfull\u00a0\u00bb alignment=\u00a0\u00bbright\u00a0\u00bb qode_css_animation=\u00a0\u00bb\u00a0\u00bb css=\u00a0\u00bb.vc_custom_1656507404446{margin-top: -200px !important;}\u00a0\u00bb][\/vc_column_inner][\/vc_row_inner][\/vc_column][\/vc_row][vc_row css_animation=\u00a0\u00bb\u00a0\u00bb row_type=\u00a0\u00bbrow\u00a0\u00bb use_row_as_full_screen_section=\u00a0\u00bbno\u00a0\u00bb type=\u00a0\u00bbgrid\u00a0\u00bb angled_section=\u00a0\u00bbno\u00a0\u00bb text_align=\u00a0\u00bbleft\u00a0\u00bb background_image_as_pattern=\u00a0\u00bbwithout_pattern\u00a0\u00bb z_index=\u00a0\u00bb\u00a0\u00bb][vc_column offset=\u00a0\u00bbvc_hidden-sm vc_hidden-xs\u00a0\u00bb][vc_empty_space height=\u00a0\u00bb50px\u00a0\u00bb][\/vc_column][\/vc_row][vc_row css_animation=\u00a0\u00bb\u00a0\u00bb row_type=\u00a0\u00bbrow\u00a0\u00bb use_row_as_full_screen_section=\u00a0\u00bbno\u00a0\u00bb type=\u00a0\u00bbgrid\u00a0\u00bb angled_section=\u00a0\u00bbno\u00a0\u00bb text_align=\u00a0\u00bbleft\u00a0\u00bb background_image_as_pattern=\u00a0\u00bbwithout_pattern\u00a0\u00bb z_index=\u00a0\u00bb\u00a0\u00bb][vc_column][vc_row_inner row_type=\u00a0\u00bbrow\u00a0\u00bb type=\u00a0\u00bbfull_width\u00a0\u00bb text_align=\u00a0\u00bbleft\u00a0\u00bb css_animation=\u00a0\u00bb\u00a0\u00bb css=\u00a0\u00bb.vc_custom_1656506859111{margin-left: 40px !important;}\u00a0\u00bb][vc_column_inner][vc_empty_space height=\u00a0\u00bb25px\u00a0\u00bb][vc_column_text]<\/p>\n<h1 style=\"text-align: center;\">Qui sommes nous<\/h1>\n<p>[\/vc_column_text][vc_empty_space height=\u00a0\u00bb25px\u00a0\u00bb][\/vc_column_inner][\/vc_row_inner][\/vc_column][\/vc_row][vc_row css_animation=\u00a0\u00bb\u00a0\u00bb row_type=\u00a0\u00bbrow\u00a0\u00bb use_row_as_full_screen_section=\u00a0\u00bbno\u00a0\u00bb type=\u00a0\u00bbgrid\u00a0\u00bb angled_section=\u00a0\u00bbno\u00a0\u00bb text_align=\u00a0\u00bbleft\u00a0\u00bb background_image_as_pattern=\u00a0\u00bbwithout_pattern\u00a0\u00bb z_index=\u00a0\u00bb\u00a0\u00bb][vc_column offset=\u00a0\u00bbvc_hidden-sm vc_hidden-xs\u00a0\u00bb][vc_empty_space height=\u00a0\u00bb50px\u00a0\u00bb][\/vc_column][\/vc_row][vc_row css_animation=\u00a0\u00bbelement_from_bottom\u00a0\u00bb row_type=\u00a0\u00bbrow\u00a0\u00bb use_row_as_full_screen_section=\u00a0\u00bbno\u00a0\u00bb type=\u00a0\u00bbgrid\u00a0\u00bb angled_section=\u00a0\u00bbno\u00a0\u00bb text_align=\u00a0\u00bbleft\u00a0\u00bb background_image_as_pattern=\u00a0\u00bbwithout_pattern\u00a0\u00bb z_index=\u00a0\u00bb\u00a0\u00bb][vc_column width=\u00a0\u00bb1\/2&Prime;][vc_column_text]<\/p>\n<h2><span class=\"geleTekst\" style=\"display: block;\">Faites connaissance avec <\/span>Alexis Brusselmans<\/h2>\n<p>&nbsp;<\/p>\n<p>Je suis n\u00e9 en 1982, mari\u00e9 \u00e0 Clothilde et fier p\u00e8re de 3 enfants. J\u2019ai r\u00e9ussi le concours notarial en 2012 et ai \u00e9t\u00e9 nomm\u00e9 notaire en 2014. Avec mon \u00e9quipe B+, je souhaite aborder votre dossier de mani\u00e8re personnelle, par une explication claire dans un langage compr\u00e9hensible tant en n\u00e9erlandais, en fran\u00e7ais ou en anglais. Nous sommes l\u00e0 pour vous guider \u00e0 chaque \u00e9tape de la vie.<\/p>\n<p>&nbsp;<\/p>\n<p>L&rsquo;\u00e9tude est \u00e9tablie \u00e0 Heverlee depuis 1951, avec Lucien Mellaerts comme premier notaire, suivi des notaires Joseph Mellaerts, Luc Westerlinck, Thomas Boes et moi-m\u00eame. Notre \u00e9tude est enti\u00e8rement digitalis\u00e9e et souhaite traiter votre dossier, le plus possible, de mani\u00e8re \u00e9cologique. Nous travaillons en vid\u00e9oconf\u00e9rence, dans un cloud s\u00e9curis\u00e9 et limitons l\u2019usage du papier uniquement \u00e0 votre acte. Nous travaillons \u00e0 un jet de pierre de la for\u00eat et profitons de cet environnement verdoyant.[\/vc_column_text][vc_empty_space][\/vc_column][vc_column width=\u00a0\u00bb1\/2&Prime;][vc_single_image image=\u00a0\u00bb392&Prime; img_size=\u00a0\u00bbfull\u00a0\u00bb qode_css_animation=\u00a0\u00bb\u00a0\u00bb][\/vc_column][\/vc_row][vc_row css_animation=\u00a0\u00bb\u00a0\u00bb row_type=\u00a0\u00bbrow\u00a0\u00bb use_row_as_full_screen_section=\u00a0\u00bbno\u00a0\u00bb type=\u00a0\u00bbgrid\u00a0\u00bb angled_section=\u00a0\u00bbno\u00a0\u00bb text_align=\u00a0\u00bbleft\u00a0\u00bb background_image_as_pattern=\u00a0\u00bbwithout_pattern\u00a0\u00bb z_index=\u00a0\u00bb\u00a0\u00bb][vc_column][vc_empty_space height=\u00a0\u00bb100px\u00a0\u00bb][\/vc_column][\/vc_row][vc_row css_animation=\u00a0\u00bb\u00a0\u00bb row_type=\u00a0\u00bbrow\u00a0\u00bb use_row_as_full_screen_section=\u00a0\u00bbno\u00a0\u00bb type=\u00a0\u00bbgrid\u00a0\u00bb angled_section=\u00a0\u00bbno\u00a0\u00bb text_align=\u00a0\u00bbleft\u00a0\u00bb background_image_as_pattern=\u00a0\u00bbwithout_pattern\u00a0\u00bb z_index=\u00a0\u00bb\u00a0\u00bb][vc_column offset=\u00a0\u00bbvc_hidden-sm vc_hidden-xs\u00a0\u00bb][vc_empty_space height=\u00a0\u00bb50px\u00a0\u00bb][\/vc_column][\/vc_row][vc_row css_animation=\u00a0\u00bb\u00a0\u00bb row_type=\u00a0\u00bbrow\u00a0\u00bb use_row_as_full_screen_section=\u00a0\u00bbno\u00a0\u00bb type=\u00a0\u00bbfull_width\u00a0\u00bb angled_section=\u00a0\u00bbno\u00a0\u00bb text_align=\u00a0\u00bbleft\u00a0\u00bb background_image_as_pattern=\u00a0\u00bbwithout_pattern\u00a0\u00bb z_index=\u00a0\u00bb0&Prime; el_class=\u00a0\u00bbrondingrechts\u00a0\u00bb css=\u00a0\u00bb.vc_custom_1656481453599{background-color: #e5f2f1 !important;}\u00a0\u00bb][vc_column][vc_empty_space height=\u00a0\u00bb100px\u00a0\u00bb][vc_row_inner row_type=\u00a0\u00bbrow\u00a0\u00bb type=\u00a0\u00bbgrid\u00a0\u00bb text_align=\u00a0\u00bbleft\u00a0\u00bb css_animation=\u00a0\u00bb\u00a0\u00bb][vc_column_inner][vc_column_text]<\/p>\n<h2 style=\"text-align: center;\">Nos valeurs<\/h2>\n<p>[\/vc_column_text][vc_empty_space height=\u00a0\u00bb50px\u00a0\u00bb][\/vc_column_inner][\/vc_row_inner][vc_row_inner row_type=\u00a0\u00bbrow\u00a0\u00bb type=\u00a0\u00bbgrid\u00a0\u00bb text_align=\u00a0\u00bbleft\u00a0\u00bb css_animation=\u00a0\u00bbelement_from_left\u00a0\u00bb][vc_column_inner][qode_elements_holder number_of_columns=\u00a0\u00bbtwo_columns\u00a0\u00bb][qode_elements_holder_item vertical_alignment=\u00a0\u00bbtop\u00a0\u00bb advanced_animations=\u00a0\u00bbno\u00a0\u00bb][vc_single_image image=\u00a0\u00bb418&Prime; img_size=\u00a0\u00bbfull\u00a0\u00bb alignment=\u00a0\u00bbcenter\u00a0\u00bb qode_css_animation=\u00a0\u00bb\u00a0\u00bb][\/qode_elements_holder_item][qode_elements_holder_item vertical_alignment=\u00a0\u00bbtop\u00a0\u00bb advanced_animations=\u00a0\u00bbno\u00a0\u00bb item_padding=\u00a0\u00bb0 0 50px 50px\u00a0\u00bb item_padding_600_768=\u00a0\u00bb30px 0 30px 0&Prime; item_padding_480_600=\u00a0\u00bb30px 0 30px 0&Prime; item_padding_480=\u00a0\u00bb30px 0 30px 0&Prime;][vc_column_text]<\/p>\n<h3>Un c\u0153ur sur la main<\/h3>\n<p>Nous travaillons avec des personnes pour des personnes. Vos dossiers sont pr\u00e9par\u00e9s par les collaborateurs. Ils sont votre personne de r\u00e9f\u00e9rence et sont le point de contact en l\u2019\u00e9tude. De bons collaborateurs se doivent d\u2019\u00eatre soutenus. Ainsi, nous maintenons un bon \u00e9quilibre entre vie professionnelle et vie priv\u00e9e, avec des horaires flexibles, le t\u00e9l\u00e9travail, des chaises ergonomiques, etc.<\/p>\n<p>&nbsp;<\/p>\n<p>Chaque collaborateur est CEO (\u00e9co &amp; local, loisirs &amp; fun, juridique, RH, b\u00e2timent &amp; design) au sein de l\u2019\u00e9tude et est \u00e9troitement impliqu\u00e9 dans les d\u00e9cisions. Chaque ann\u00e9e, Alexis se prom\u00e8ne avec un(e) employ\u00e9(e) au bois d\u2019Heverlee \u2013 ou de Meerdael, pour une \u00e9valuation approfondie, work &amp; life. Car marcher c&rsquo;est avancer, et en marchant nous regardons ensemble dans la m\u00eame direction. La direction que nous voulons prendre.[\/vc_column_text][\/qode_elements_holder_item][\/qode_elements_holder][vc_empty_space height=\u00a0\u00bb100px\u00a0\u00bb][\/vc_column_inner][\/vc_row_inner][vc_row_inner row_type=\u00a0\u00bbrow\u00a0\u00bb type=\u00a0\u00bbgrid\u00a0\u00bb text_align=\u00a0\u00bbleft\u00a0\u00bb css_animation=\u00a0\u00bbelement_from_right\u00a0\u00bb][vc_column_inner][qode_elements_holder number_of_columns=\u00a0\u00bbtwo_columns\u00a0\u00bb][qode_elements_holder_item advanced_animations=\u00a0\u00bbno\u00a0\u00bb item_padding=\u00a0\u00bb0 50px 50px 0&Prime; item_padding_600_768=\u00a0\u00bb30px 0 30px 0&Prime; item_padding_480_600=\u00a0\u00bb30px 0 30px 0&Prime; item_padding_480=\u00a0\u00bb30px 0 30px 0&Prime;][vc_column_text]<\/p>\n<h3>Vision \u00e9cologique<\/h3>\n<p>Notre \u00e9tude souhaite contribuer \u00e0 un meilleur environnement. Notre ambition est de r\u00e9duire drastiquement notre impact CO2 \u00e0 travers de nombreuses actions, telles que la diminution de l&rsquo;utilisation du papier, la num\u00e9risation, les actes par visioconf\u00e9rence, le t\u00e9l\u00e9travail, une toiture verte, le recyclage, le compostage, la r\u00e9duction des envois postaux, etc.<\/p>\n<p>&nbsp;<\/p>\n<p>Pour alimenter notre bureau en lumi\u00e8re et en chaleur, nous avons opt\u00e9 pour l&rsquo;\u00e9nergie \u00e9olienne et solaire belge. Nous nous d\u00e9pla\u00e7ons le plus possible en v\u00e9lo ou en transports en commun. Nous faisons \u00e9galement appel \u00e0 de nombreux fournisseurs locaux, ceci afin de garantir un circuit court et de participer \u00e0 notre \u00e9conomie de mani\u00e8re la plus \u00e9cologique possible.<\/p>\n<p>&nbsp;<\/p>\n<p>Nous avons \u00e9galement con\u00e7u une carte de visite compostable qui, une fois plant\u00e9e, se transforme en myosotis. Ainsi nous grandissons avec nos clients ![\/vc_column_text][\/qode_elements_holder_item][qode_elements_holder_item vertical_alignment=\u00a0\u00bbtop\u00a0\u00bb advanced_animations=\u00a0\u00bbno\u00a0\u00bb][vc_single_image image=\u00a0\u00bb417&Prime; img_size=\u00a0\u00bb485&#215;588&Prime; alignment=\u00a0\u00bbcenter\u00a0\u00bb qode_css_animation=\u00a0\u00bb\u00a0\u00bb][\/qode_elements_holder_item][\/qode_elements_holder][\/vc_column_inner][\/vc_row_inner][vc_row_inner row_type=\u00a0\u00bbrow\u00a0\u00bb type=\u00a0\u00bbgrid\u00a0\u00bb text_align=\u00a0\u00bbleft\u00a0\u00bb css_animation=\u00a0\u00bb\u00a0\u00bb][vc_column_inner][vc_empty_space height=\u00a0\u00bb50px\u00a0\u00bb][vc_column_text]<\/p>\n<p>&nbsp;<\/p>\n<h2 class=\"lijntje tekst-donkergroen\" style=\"text-align: center;\">Notre equipe<\/h2>\n<p>[\/vc_column_text][vc_empty_space height=\u00a0\u00bb50px\u00a0\u00bb][vc_empty_space height=\u00a0\u00bb50px\u00a0\u00bb][\/vc_column_inner][\/vc_row_inner][vc_row_inner row_type=\u00a0\u00bbrow\u00a0\u00bb type=\u00a0\u00bbgrid\u00a0\u00bb text_align=\u00a0\u00bbleft\u00a0\u00bb css_animation=\u00a0\u00bbelement_from_fade\u00a0\u00bb el_class=\u00a0\u00bbteam\u00a0\u00bb][vc_column_inner width=\u00a0\u00bb1\/3&Prime;]<div class='image_hover ' style='' data-transition-delay=''><div class='images_holder'><a itemprop='url' href='mailto:alexis.brusselmans@notbrusselmans.be' target='_self'><img itemprop='image' class='' src='https:\/\/notbrusselmans.be\/wp-content\/uploads\/2026\/04\/AB_Foto_Alexis_Brusselmans.png' alt='' style='' \/><img itemprop='image' class='hover_image' src='' alt='' style='' \/><\/a><\/div><\/div>[vc_empty_space height=\u00a0\u00bb20px\u00a0\u00bb][vc_column_text el_class=\u00a0\u00bbfunctie-naam\u00a0\u00bb]<\/p>\n<p style=\"text-align: center;\">Alexis Brusselmans<\/p>\n<p>[\/vc_column_text][vc_column_text el_class=\u00a0\u00bbfunctie-naam\u00a0\u00bb]<\/p>\n<p style=\"text-align: center;\">(Notaire)<\/p>\n<p>[\/vc_column_text][vc_column_text el_class=\u00a0\u00bbfunctie-titel\u00a0\u00bb]<\/p>\n<p class=\"callto\" style=\"text-align: center;\"><a href=\"callto:016 30 83 70\">016 30 83 70<\/a><\/p>\n<p>[\/vc_column_text][vc_empty_space height=\u00a0\u00bb40px\u00a0\u00bb][\/vc_column_inner][vc_column_inner width=\u00a0\u00bb1\/3&Prime;]<div class='image_hover ' style='' data-transition-delay=''><div class='images_holder'><a itemprop='url' href='mailto:elisabeth@notbrusselmans.be' target='_self'><img itemprop='image' class='' src='https:\/\/notbrusselmans.be\/wp-content\/uploads\/2026\/04\/AB_Foto_Elisabeth_Eneman.png' alt='' style='' \/><img itemprop='image' class='hover_image' src='' alt='' style='' \/><\/a><\/div><\/div>[vc_empty_space height=\u00a0\u00bb20px\u00a0\u00bb][vc_column_text el_class=\u00a0\u00bbfunctie-naam\u00a0\u00bb]<\/p>\n<p style=\"text-align: center;\">Elisabeth Eneman<\/p>\n<p>[\/vc_column_text][vc_column_text el_class=\u00a0\u00bbfunctie-naam\u00a0\u00bb]<\/p>\n<p style=\"text-align: center;\">(Notaire)<\/p>\n<p>[\/vc_column_text][vc_empty_space height=\u00a0\u00bb40px\u00a0\u00bb][\/vc_column_inner][vc_column_inner width=\u00a0\u00bb1\/3&Prime;]<div class='image_hover ' style='' data-transition-delay=''><div class='images_holder'><a itemprop='url' href='mailto:mehreen@notbrusselmans.be' target='_self'><img itemprop='image' class='' src='https:\/\/notbrusselmans.be\/wp-content\/uploads\/2026\/04\/AB_Foto_Mehreen_Mirza.png' alt='' style='' \/><img itemprop='image' class='hover_image' src='' alt='' style='' \/><\/a><\/div><\/div>[vc_empty_space height=\u00a0\u00bb20px\u00a0\u00bb][vc_column_text el_class=\u00a0\u00bbfunctie-naam\u00a0\u00bb]<\/p>\n<p style=\"text-align: center;\">Mehreen Mirza<\/p>\n<p>[\/vc_column_text][vc_empty_space height=\u00a0\u00bb40px\u00a0\u00bb][\/vc_column_inner][\/vc_row_inner][vc_row_inner row_type=\u00a0\u00bbrow\u00a0\u00bb type=\u00a0\u00bbgrid\u00a0\u00bb text_align=\u00a0\u00bbcenter\u00a0\u00bb css_animation=\u00a0\u00bbelement_from_fade\u00a0\u00bb el_class=\u00a0\u00bbteam\u00a0\u00bb][vc_column_inner width=\u00a0\u00bb1\/3&Prime;]<div class='image_hover ' style='' data-transition-delay=''><div class='images_holder'><a itemprop='url' href='mailto:gitte@notbrusselmans.be' target='_self'><img itemprop='image' class='' src='https:\/\/notbrusselmans.be\/wp-content\/uploads\/2026\/04\/AB_Foto_Gitte_Wouters.png' alt='' style='' \/><img itemprop='image' class='hover_image' src='' alt='' style='' \/><\/a><\/div><\/div>[vc_empty_space height=\u00a0\u00bb20px\u00a0\u00bb][vc_column_text el_class=\u00a0\u00bbfunctie-naam\u00a0\u00bb]<\/p>\n<p style=\"text-align: center;\">Gitte Wouters<\/p>\n<p>[\/vc_column_text][vc_column_text el_class=\u00a0\u00bbfunctie-titel\u00a0\u00bb]<\/p>\n<p class=\"callto\" style=\"text-align: center;\"><a href=\"callto:016 30 83 72\">016 30 83 72<\/a><\/p>\n<p>[\/vc_column_text][vc_empty_space height=\u00a0\u00bb40px\u00a0\u00bb][\/vc_column_inner][vc_column_inner width=\u00a0\u00bb1\/3&Prime;][vc_single_image image=\u00a0\u00bb488&Prime; img_size=\u00a0\u00bbfull\u00a0\u00bb alignment=\u00a0\u00bbcenter\u00a0\u00bb onclick=\u00a0\u00bbcustom_link\u00a0\u00bb qode_css_animation=\u00a0\u00bb\u00a0\u00bb link=\u00a0\u00bbmailto:info@notbrusselmans.be\u00a0\u00bb][vc_empty_space height=\u00a0\u00bb40px\u00a0\u00bb][\/vc_column_inner][vc_column_inner width=\u00a0\u00bb1\/3&Prime;]<div class='image_hover ' style='' data-transition-delay=''><div class='images_holder'><a itemprop='url' href='mailto:clothilde@notbrusselmans.be' target='_self'><img itemprop='image' class='' src='https:\/\/notbrusselmans.be\/wp-content\/uploads\/2026\/04\/AB_Foto_Clothilde_Wattel.png' alt='' style='' \/><img itemprop='image' class='hover_image' src='' alt='' style='' \/><\/a><\/div><\/div>[vc_empty_space height=\u00a0\u00bb20px\u00a0\u00bb][vc_column_text el_class=\u00a0\u00bbfunctie-naam\u00a0\u00bb]<\/p>\n<p style=\"text-align: center;\">Clothilde Wattel<\/p>\n<p>[\/vc_column_text][vc_column_text el_class=\u00a0\u00bbfunctie-titel\u00a0\u00bb]<\/p>\n<p class=\"callto\" style=\"text-align: center;\"><a href=\"callto:016 30 83 71\">016 30 83 71<\/a><\/p>\n<p>[\/vc_column_text][vc_empty_space height=\u00a0\u00bb40px\u00a0\u00bb][\/vc_column_inner][\/vc_row_inner][vc_row_inner row_type=\u00a0\u00bbrow\u00a0\u00bb type=\u00a0\u00bbgrid\u00a0\u00bb text_align=\u00a0\u00bbcenter\u00a0\u00bb css_animation=\u00a0\u00bbelement_from_fade\u00a0\u00bb el_class=\u00a0\u00bbteam\u00a0\u00bb][vc_column_inner width=\u00a0\u00bb1\/3&Prime;]<div class='image_hover ' style='' data-transition-delay=''><div class='images_holder'><a itemprop='url' href='mailto:marieke@notbrusselmans.be' target='_self'><img itemprop='image' class='' src='https:\/\/notbrusselmans.be\/wp-content\/uploads\/2026\/04\/AB_Foto_Marieke_Schobre.png' alt='' style='' \/><img itemprop='image' class='hover_image' src='' alt='' style='' \/><\/a><\/div><\/div>[vc_empty_space height=\u00a0\u00bb20px\u00a0\u00bb][vc_column_text el_class=\u00a0\u00bbfunctie-naam\u00a0\u00bb]<\/p>\n<p style=\"text-align: center;\">Marieke Schobre<\/p>\n<p>[\/vc_column_text][vc_column_text el_class=\u00a0\u00bbfunctie-titel\u00a0\u00bb]<\/p>\n<p class=\"callto\" style=\"text-align: center;\"><a href=\"tel:016308378\">016 30 83 76<\/a><\/p>\n<p>[\/vc_column_text][vc_empty_space height=\u00a0\u00bb40px\u00a0\u00bb][\/vc_column_inner][vc_column_inner width=\u00a0\u00bb1\/3&Prime;][vc_single_image image=\u00a0\u00bb488&Prime; img_size=\u00a0\u00bbfull\u00a0\u00bb alignment=\u00a0\u00bbcenter\u00a0\u00bb onclick=\u00a0\u00bbcustom_link\u00a0\u00bb qode_css_animation=\u00a0\u00bb\u00a0\u00bb link=\u00a0\u00bbmailto:info@notbrusselmans.be\u00a0\u00bb][vc_empty_space height=\u00a0\u00bb40px\u00a0\u00bb][\/vc_column_inner][vc_column_inner width=\u00a0\u00bb1\/3&Prime;]<div class='image_hover ' style='' data-transition-delay=''><div class='images_holder'><a itemprop='url' href='mailto:peter@notbrusselmans.be' target='_self'><img itemprop='image' class='' src='https:\/\/notbrusselmans.be\/wp-content\/uploads\/2026\/04\/AB_Foto_Peter_Rombouts.png' alt='' style='' \/><img itemprop='image' class='hover_image' src='' alt='' style='' \/><\/a><\/div><\/div>[vc_empty_space height=\u00a0\u00bb20px\u00a0\u00bb][vc_column_text el_class=\u00a0\u00bbfunctie-naam\u00a0\u00bb]<\/p>\n<p style=\"text-align: center;\">Peter Rombouts<\/p>\n<p>[\/vc_column_text][vc_column_text el_class=\u00a0\u00bbfunctie-titel\u00a0\u00bb]<\/p>\n<p class=\"callto\" style=\"text-align: center;\"><a href=\"callto:016 30 83 71\">016 30 83 74<\/a><\/p>\n<p>[\/vc_column_text][vc_empty_space height=\u00a0\u00bb40px\u00a0\u00bb][\/vc_column_inner][\/vc_row_inner][vc_row_inner row_type=\u00a0\u00bbrow\u00a0\u00bb type=\u00a0\u00bbgrid\u00a0\u00bb text_align=\u00a0\u00bbleft\u00a0\u00bb css_animation=\u00a0\u00bbelement_from_fade\u00a0\u00bb el_class=\u00a0\u00bbteam\u00a0\u00bb][vc_column_inner width=\u00a0\u00bb1\/3&Prime;]<div class='image_hover ' style='' data-transition-delay=''><div class='images_holder'><a itemprop='url' href='mailto:martha@notbrusselmans.be' target='_self'><img itemprop='image' class='' src='https:\/\/notbrusselmans.be\/wp-content\/uploads\/2026\/04\/AB_Foto_Martha_Verfaillie.png' alt='' style='' \/><img itemprop='image' class='hover_image' src='' alt='' style='' \/><\/a><\/div><\/div>[vc_empty_space height=\u00a0\u00bb20px\u00a0\u00bb][vc_column_text el_class=\u00a0\u00bbfunctie-naam\u00a0\u00bb]<\/p>\n<p style=\"text-align: center;\">Martha Verfaillie<\/p>\n<p>[\/vc_column_text][vc_column_text el_class=\u00a0\u00bbfunctie-titel\u00a0\u00bb]<\/p>\n<p class=\"callto\" style=\"text-align: center;\"><a href=\"tel:016308375\">016 30 83 79<\/a><\/p>\n<p>[\/vc_column_text][vc_empty_space height=\u00a0\u00bb40px\u00a0\u00bb][\/vc_column_inner][vc_column_inner width=\u00a0\u00bb1\/3&Prime;]<div class='image_hover ' style='' data-transition-delay=''><div class='images_holder'><a itemprop='url' href='mailto:ella@notbrusselmans.be' target='_self'><img itemprop='image' class='' src='https:\/\/notbrusselmans.be\/wp-content\/uploads\/2026\/04\/AB_Foto_Ella_Smets.png' alt='' style='' \/><img itemprop='image' class='hover_image' src='' alt='' style='' \/><\/a><\/div><\/div>[vc_empty_space height=\u00a0\u00bb20px\u00a0\u00bb][vc_column_text el_class=\u00a0\u00bbfunctie-naam\u00a0\u00bb]<\/p>\n<p style=\"text-align: center;\">Ella Smets<\/p>\n<p>[\/vc_column_text][vc_column_text el_class=\u00a0\u00bbfunctie-titel\u00a0\u00bb]<\/p>\n<p class=\"callto\" style=\"text-align: center;\"><a href=\"callto:016\u202f30 83 78\">016\u202f30 83 78<\/a><\/p>\n<p>[\/vc_column_text][vc_empty_space height=\u00a0\u00bb40px\u00a0\u00bb][\/vc_column_inner][vc_column_inner width=\u00a0\u00bb1\/3&Prime;]<div class='image_hover ' style='' data-transition-delay=''><div class='images_holder'><a itemprop='url' href='mailto:laura@notbrusselmans.be' target='_self'><img itemprop='image' class='' src='https:\/\/notbrusselmans.be\/wp-content\/uploads\/2026\/04\/AB_Foto_Laura_Soen.png' alt='' style='' \/><img itemprop='image' class='hover_image' src='' alt='' style='' \/><\/a><\/div><\/div>[vc_empty_space height=\u00a0\u00bb10px\u00a0\u00bb][vc_column_text el_class=\u00a0\u00bbfunctie-naam\u00a0\u00bb]<\/p>\n<p style=\"text-align: center;\">Laura Soen<\/p>\n<p>[\/vc_column_text][vc_column_text el_class=\u00a0\u00bbfunctie-titel\u00a0\u00bb]<\/p>\n<p class=\"callto\" style=\"text-align: center;\"><a href=\"callto:016 30 83 76\">016 30 83 75<\/a><\/p>\n<p>[\/vc_column_text][vc_empty_space height=\u00a0\u00bb40px\u00a0\u00bb][\/vc_column_inner][\/vc_row_inner][\/vc_column][\/vc_row][vc_row css_animation=\u00a0\u00bb\u00a0\u00bb row_type=\u00a0\u00bbrow\u00a0\u00bb use_row_as_full_screen_section=\u00a0\u00bbno\u00a0\u00bb type=\u00a0\u00bbgrid\u00a0\u00bb angled_section=\u00a0\u00bbno\u00a0\u00bb text_align=\u00a0\u00bbleft\u00a0\u00bb background_image_as_pattern=\u00a0\u00bbwithout_pattern\u00a0\u00bb z_index=\u00a0\u00bb\u00a0\u00bb css=\u00a0\u00bb.vc_custom_1775573615303{background-color: #008278 !important;}\u00a0\u00bb][vc_column width=\u00a0\u00bb1\/6&Prime;][\/vc_column][vc_column width=\u00a0\u00bb2\/3&Prime;][vc_empty_space height=\u00a0\u00bb50px\u00a0\u00bb][vc_column_text]<\/p>\n<h2 class=\"tekst-donkergroen\" style=\"text-align: center;\">D\u00e9sirable<span style=\"color: #e5f2f1;\">\/<\/span> Humain<\/h2>\n<p>&nbsp;<\/p>\n<p class=\"tekst-wit\" style=\"text-align: center;\">Nous voulons vous guider personnellement dans les moments uniques de votre vie, comme l&rsquo;achat d&rsquo;une maison, un mariage ou une cohabitation ou le d\u00e9marrage d&rsquo;une entreprise, mais aussi lors de moments difficiles, comme une rupture ou un d\u00e9c\u00e8s. En tant qu&rsquo;\u00e9tude notariale, nous sommes les mieux plac\u00e9s pour vous aider avec des conseils et une assistance.<\/p>\n<p>[\/vc_column_text][vc_empty_space height=\u00a0\u00bb50px\u00a0\u00bb][vc_row_inner row_type=\u00a0\u00bbrow\u00a0\u00bb type=\u00a0\u00bbfull_width\u00a0\u00bb text_align=\u00a0\u00bbleft\u00a0\u00bb css_animation=\u00a0\u00bb\u00a0\u00bb][vc_column_inner offset=\u00a0\u00bbvc_hidden-sm vc_hidden-xs\u00a0\u00bb][vc_empty_space height=\u00a0\u00bb100px\u00a0\u00bb][\/vc_column_inner][\/vc_row_inner][\/vc_column][vc_column width=\u00a0\u00bb1\/6&Prime;][\/vc_column][\/vc_row]<\/p>\n","protected":false},"excerpt":{"rendered":"<p>[vc_row css_animation=\u00a0\u00bb\u00a0\u00bb row_type=\u00a0\u00bbrow\u00a0\u00bb use_row_as_full_screen_section=\u00a0\u00bbno\u00a0\u00bb type=\u00a0\u00bbfull_width\u00a0\u00bb angled_section=\u00a0\u00bbno\u00a0\u00bb text_align=\u00a0\u00bbcenter\u00a0\u00bb background_image_as_pattern=\u00a0\u00bbwithout_pattern\u00a0\u00bb z_index=\u00a0\u00bb1&Prime;][vc_column width=\u00a0\u00bb1\/4&Prime;][\/vc_column][vc_column width=\u00a0\u00bb3\/4&Prime;][vc_empty_space][\/vc_column][\/vc_row][vc_row css_animation=\u00a0\u00bb\u00a0\u00bb row_type=\u00a0\u00bbrow\u00a0\u00bb use_row_as_full_screen_section=\u00a0\u00bbno\u00a0\u00bb type=\u00a0\u00bbfull_width\u00a0\u00bb angled_section=\u00a0\u00bbno\u00a0\u00bb text_align=\u00a0\u00bbcenter\u00a0\u00bb background_image_as_pattern=\u00a0\u00bbwithout_pattern\u00a0\u00bb z_index=\u00a0\u00bb0&Prime; css=\u00a0\u00bb.vc_custom_1656506789779{margin-top: -200px !important;}\u00a0\u00bb][vc_column width=\u00a0\u00bb1\/5&Prime;][\/vc_column][vc_column width=\u00a0\u00bb4\/5&Prime;][vc_row_inner row_type=\u00a0\u00bbrow\u00a0\u00bb type=\u00a0\u00bbfull_width\u00a0\u00bb text_align=\u00a0\u00bbleft\u00a0\u00bb css_animation=\u00a0\u00bb\u00a0\u00bb][vc_column_inner][vc_single_image image=\u00a0\u00bb381&Prime; img_size=\u00a0\u00bbfull\u00a0\u00bb alignment=\u00a0\u00bbright\u00a0\u00bb qode_css_animation=\u00a0\u00bb\u00a0\u00bb css=\u00a0\u00bb.vc_custom_1656507404446{margin-top: -200px !important;}\u00a0\u00bb][\/vc_column_inner][\/vc_row_inner][\/vc_column][\/vc_row][vc_row css_animation=\u00a0\u00bb\u00a0\u00bb row_type=\u00a0\u00bbrow\u00a0\u00bb use_row_as_full_screen_section=\u00a0\u00bbno\u00a0\u00bb type=\u00a0\u00bbgrid\u00a0\u00bb angled_section=\u00a0\u00bbno\u00a0\u00bb text_align=\u00a0\u00bbleft\u00a0\u00bb background_image_as_pattern=\u00a0\u00bbwithout_pattern\u00a0\u00bb z_index=\u00a0\u00bb\u00a0\u00bb][vc_column offset=\u00a0\u00bbvc_hidden-sm vc_hidden-xs\u00a0\u00bb][vc_empty_space&#8230;<\/p>\n","protected":false},"author":1,"featured_media":0,"parent":0,"menu_order":0,"comment_status":"closed","ping_status":"closed","template":"full_width.php","meta":{"inline_featured_image":false,"footnotes":""},"class_list":["post-445","page","type-page","status-publish","hentry"],"_links":{"self":[{"href":"https:\/\/notbrusselmans.be\/fr\/wp-json\/wp\/v2\/pages\/445","targetHints":{"allow":["GET"]}}],"collection":[{"href":"https:\/\/notbrusselmans.be\/fr\/wp-json\/wp\/v2\/pages"}],"about":[{"href":"https:\/\/notbrusselmans.be\/fr\/wp-json\/wp\/v2\/types\/page"}],"author":[{"embeddable":true,"href":"https:\/\/notbrusselmans.be\/fr\/wp-json\/wp\/v2\/users\/1"}],"replies":[{"embeddable":true,"href":"https:\/\/notbrusselmans.be\/fr\/wp-json\/wp\/v2\/comments?post=445"}],"version-history":[{"count":20,"href":"https:\/\/notbrusselmans.be\/fr\/wp-json\/wp\/v2\/pages\/445\/revisions"}],"predecessor-version":[{"id":1042,"href":"https:\/\/notbrusselmans.be\/fr\/wp-json\/wp\/v2\/pages\/445\/revisions\/1042"}],"wp:attachment":[{"href":"https:\/\/notbrusselmans.be\/fr\/wp-json\/wp\/v2\/media?parent=445"}],"curies":[{"name":"wp","href":"https:\/\/api.w.org\/{rel}","templated":true}]}}